{"id":1335,"date":"2019-01-20T16:30:10","date_gmt":"2019-01-20T15:30:10","guid":{"rendered":"http:\/\/wp.arniko.pl\/?page_id=1335"},"modified":"2019-01-20T16:53:28","modified_gmt":"2019-01-20T15:53:28","slug":"strony-www","status":"publish","type":"page","link":"https:\/\/www.arniko.pl\/index.php\/strony-www\/","title":{"rendered":"Strony www"},"content":{"rendered":"\n<p>Je\u017celi potrzebujesz miejsca w sieci na swoj\u0105 stron\u0119 oferujemy pe\u0142ny pakiet hostingowy. Zajmiemy si\u0119 wykupem domeny, postawimy serwer i zainstalujemy oprogramowanie CMS, pomo\u017cemy wybra\u0107 szablon graficzny strony a tak\u017ce uruchomimy poczt\u0119 w twojej domenie. Reasumuj\u0105c, dostajesz:<\/p>\n\n\n\n<ul><li>skonfigurowany serwer z miejscem na Twoj\u0105 stron\u0119 z us\u0142ugami:<ul><li>zaszyfrowana komunikacja do ochrony danych Twoich klient\u00f3w dzi\u0119ki certyfikatowi SSL &#8211; zielona k\u0142\u00f3dka przy adresie<\/li><li>zaawansowany protok\u00f3\u0142 HTTP\/2 aby strona wczytywa\u0142a si\u0119 szybciej<\/li><li>system CMS &#8211; narz\u0119dzie do samodzielnej obs\u0142ugi strony<\/li><\/ul><\/li><li>domen\u0119 czyli adres w internecie np. www.twojafirma.pl, <\/li><li>poczt\u0119 internetow\u0105 w twojej domenie np. biuro@twojafirma.pl, wraz z interfejsem do jej obs\u0142ugi przez przegl\u0105dark\u0119 internetow\u0105, filtrem antyspamowym i antywirusem<\/li><\/ul>\n\n\n\n<p>I to wszystko w cenie niskiego abonamentu rocznego lub miesi\u0119cznego dostosowanego do aktywno\u015bci na Twojej stronie.<\/p>\n","protected":false},"excerpt":{"rendered":"<p>Je\u017celi potrzebujesz miejsca w sieci na swoj\u0105 stron\u0119 oferujemy pe\u0142ny pakiet hostingowy. Zajmiemy si\u0119 wykupem domeny, postawimy serwer i zainstalujemy oprogramowanie CMS, pomo\u017cemy wybra\u0107 szablon graficzny strony a tak\u017ce uruchomimy poczt\u0119 w twojej domenie. Reasumuj\u0105c, dostajesz: skonfigurowany serwer z miejscem na Twoj\u0105 stron\u0119 z us\u0142ugami: zaszyfrowana komunikacja do ochrony danych&#8230;<\/p>\n","protected":false},"author":1,"featured_media":0,"parent":0,"menu_order":0,"comment_status":"closed","ping_status":"closed","template":"","meta":[],"_links":{"self":[{"href":"https:\/\/www.arniko.pl\/index.php\/wp-json\/wp\/v2\/pages\/1335"}],"collection":[{"href":"https:\/\/www.arniko.pl\/index.php\/wp-json\/wp\/v2\/pages"}],"about":[{"href":"https:\/\/www.arniko.pl\/index.php\/wp-json\/wp\/v2\/types\/page"}],"author":[{"embeddable":true,"href":"https:\/\/www.arniko.pl\/index.php\/wp-json\/wp\/v2\/users\/1"}],"replies":[{"embeddable":true,"href":"https:\/\/www.arniko.pl\/index.php\/wp-json\/wp\/v2\/comments?post=1335"}],"version-history":[{"count":2,"href":"https:\/\/www.arniko.pl\/index.php\/wp-json\/wp\/v2\/pages\/1335\/revisions"}],"predecessor-version":[{"id":1341,"href":"https:\/\/www.arniko.pl\/index.php\/wp-json\/wp\/v2\/pages\/1335\/revisions\/1341"}],"wp:attachment":[{"href":"https:\/\/www.arniko.pl\/index.php\/wp-json\/wp\/v2\/media?parent=1335"}],"curies":[{"name":"wp","href":"https:\/\/api.w.org\/{rel}","templated":true}]}}