{"id":1349,"date":"2019-02-25T21:19:55","date_gmt":"2019-02-25T20:19:55","guid":{"rendered":"http:\/\/www.arniko.pl\/?page_id=1349"},"modified":"2019-02-25T21:19:55","modified_gmt":"2019-02-25T20:19:55","slug":"systemy-alarmowe","status":"publish","type":"page","link":"https:\/\/www.arniko.pl\/index.php\/systemy-alarmowe\/","title":{"rendered":"Systemy alarmowe"},"content":{"rendered":"\n<p>Systemy alarmowe to ju\u017c nie tylko detekcja w\u0142amania, w zale\u017cno\u015bci od konfiguracji mog\u0105 ostrzec o zalaniu pomieszczenia, poinformowa\u0107 o zmianie temperatury czy ci\u015bnienia czy te\u017c zdalnie za\u0142\u0105czy\u0107 lub wy\u0142\u0105czy\u0107 urz\u0105dzenie, a wszystko to za pomoc\u0105 aplikacji na smartfon czy wiadomo\u015bci SMS. <\/p>\n\n\n\n<p>Instalujemy alarmy przewodowe, bezprzewodowe czy hybrydowe. <br><\/p>\n\n\n\n<figure class=\"wp-block-image\"><img loading=\"lazy\" width=\"582\" height=\"374\" src=\"https:\/\/www.arniko.pl\/wp-content\/uploads\/2019\/02\/alarm_system.jpg\" alt=\"\" class=\"wp-image-1352\" srcset=\"https:\/\/www.arniko.pl\/wp-content\/uploads\/2019\/02\/alarm_system.jpg 582w, https:\/\/www.arniko.pl\/wp-content\/uploads\/2019\/02\/alarm_system-300x193.jpg 300w\" sizes=\"(max-width: 582px) 100vw, 582px\" \/><\/figure>\n","protected":false},"excerpt":{"rendered":"<p>instalacje alarmowe sygnalizacja w\u0142ama\u0144 wykrywanie w\u0142ama\u0144 cctv monitoring telewizja przemys\u0142owa bezpiecze\u0144stwo czujniki dymu spokojny sen monta\u017c domofon\u00f3w Ciechocinek <\/p>\n","protected":false},"author":1,"featured_media":0,"parent":0,"menu_order":0,"comment_status":"closed","ping_status":"closed","template":"","meta":[],"_links":{"self":[{"href":"https:\/\/www.arniko.pl\/index.php\/wp-json\/wp\/v2\/pages\/1349"}],"collection":[{"href":"https:\/\/www.arniko.pl\/index.php\/wp-json\/wp\/v2\/pages"}],"about":[{"href":"https:\/\/www.arniko.pl\/index.php\/wp-json\/wp\/v2\/types\/page"}],"author":[{"embeddable":true,"href":"https:\/\/www.arniko.pl\/index.php\/wp-json\/wp\/v2\/users\/1"}],"replies":[{"embeddable":true,"href":"https:\/\/www.arniko.pl\/index.php\/wp-json\/wp\/v2\/comments?post=1349"}],"version-history":[{"count":3,"href":"https:\/\/www.arniko.pl\/index.php\/wp-json\/wp\/v2\/pages\/1349\/revisions"}],"predecessor-version":[{"id":1353,"href":"https:\/\/www.arniko.pl\/index.php\/wp-json\/wp\/v2\/pages\/1349\/revisions\/1353"}],"wp:attachment":[{"href":"https:\/\/www.arniko.pl\/index.php\/wp-json\/wp\/v2\/media?parent=1349"}],"curies":[{"name":"wp","href":"https:\/\/api.w.org\/{rel}","templated":true}]}}