{"id":39,"date":"2018-12-01T00:11:58","date_gmt":"2018-11-30T23:11:58","guid":{"rendered":"http:\/\/wp.arniko.pl\/?page_id=39"},"modified":"2018-12-02T14:08:10","modified_gmt":"2018-12-02T13:08:10","slug":"obsluga-informatyczna-firm","status":"publish","type":"page","link":"https:\/\/www.arniko.pl\/index.php\/obsluga-informatyczna-firm\/","title":{"rendered":"Obs\u0142uga informatyczna firm."},"content":{"rendered":"<p>W ramach zrycza\u0142towanej op\u0142aty za opi\u0119k\u0119 informatyczn\u0105 prowadzimy szereg dzia\u0142a\u0144 w celu utrzymania i rozowju infrastruktury informatycznej, dbaj\u0105c przy tym o jej niezawodno\u015b\u0107. Podstawowe czynno\u015bci to m.in. okresowa konserwacja sprz\u0119tu, administracja sieci\u0105 i serwerami, reakcja na sytuacje awaryjne, podstawowe szkolenie pracowanik\u00f3w z zakresu obs\u0142ugiwanych aplikacji, rozw\u00f3j infrastruktury oraz doradztwo w zakresie naszych kompetencji. W ramach us\u0142ug informatycznych mo\u017cemy \u015bwiadczy\u0107\u00a0 m.in.:<\/p>\n<ul>\n<li>opieka nad stron\u0105 www i poczt\u0105 elektroniczn\u0105\u00a0 (utrzymywanie firmowej domeny i serwera poczty e-mail)<\/li>\n<li>serwis drukarek<\/li>\n<li>naprawa urz\u0105dze\u0144 ko\u0144cowych (komputer\u00f3w, laptop\u00f3w, serwer\u00f3w, urz\u0105dze\u0144 mobilnych)<\/li>\n<li>pomoc zdaln\u0105<\/li>\n<li>wdra\u017canie oprogramowania<\/li>\n<li>tworzenie aplikacji autorskich<\/li>\n<li>zarz\u0105dzanie bezpiecze\u0144stwem danych (automatyczne kopie zapasowe)<\/li>\n<li>rozwijanie infrastruktury IT<\/li>\n<\/ul>\n<p>&nbsp;<\/p>\n","protected":false},"excerpt":{"rendered":"<p>W ramach zrycza\u0142towanej op\u0142aty za opi\u0119k\u0119 informatyczn\u0105 prowadzimy szereg dzia\u0142a\u0144 w celu utrzymania i rozowju infrastruktury informatycznej, dbaj\u0105c przy tym o jej niezawodno\u015b\u0107. Podstawowe czynno\u015bci to m.in. okresowa konserwacja sprz\u0119tu, administracja sieci\u0105 i serwerami, reakcja na sytuacje awaryjne, podstawowe szkolenie pracowanik\u00f3w z zakresu obs\u0142ugiwanych aplikacji, rozw\u00f3j infrastruktury oraz doradztwo w&#8230;<\/p>\n","protected":false},"author":1,"featured_media":0,"parent":0,"menu_order":0,"comment_status":"closed","ping_status":"closed","template":"","meta":[],"_links":{"self":[{"href":"https:\/\/www.arniko.pl\/index.php\/wp-json\/wp\/v2\/pages\/39"}],"collection":[{"href":"https:\/\/www.arniko.pl\/index.php\/wp-json\/wp\/v2\/pages"}],"about":[{"href":"https:\/\/www.arniko.pl\/index.php\/wp-json\/wp\/v2\/types\/page"}],"author":[{"embeddable":true,"href":"https:\/\/www.arniko.pl\/index.php\/wp-json\/wp\/v2\/users\/1"}],"replies":[{"embeddable":true,"href":"https:\/\/www.arniko.pl\/index.php\/wp-json\/wp\/v2\/comments?post=39"}],"version-history":[{"count":3,"href":"https:\/\/www.arniko.pl\/index.php\/wp-json\/wp\/v2\/pages\/39\/revisions"}],"predecessor-version":[{"id":42,"href":"https:\/\/www.arniko.pl\/index.php\/wp-json\/wp\/v2\/pages\/39\/revisions\/42"}],"wp:attachment":[{"href":"https:\/\/www.arniko.pl\/index.php\/wp-json\/wp\/v2\/media?parent=39"}],"curies":[{"name":"wp","href":"https:\/\/api.w.org\/{rel}","templated":true}]}}