{"id":45,"date":"2018-12-02T14:18:52","date_gmt":"2018-12-02T13:18:52","guid":{"rendered":"http:\/\/wp.arniko.pl\/?page_id=45"},"modified":"2018-12-02T14:36:55","modified_gmt":"2018-12-02T13:36:55","slug":"sieci-komputerowe","status":"publish","type":"page","link":"https:\/\/www.arniko.pl\/index.php\/sieci-komputerowe\/","title":{"rendered":"Sieci Komputerowe"},"content":{"rendered":"<p>&nbsp;<\/p>\n<p>Instalujemy okablowanie teleinformatyczne od analizy przez projekt do realizacji. Dobieramy optymalne rozwi\u0105zania, tak aby sie\u0107 mog\u0142a rosn\u0105\u0107 wraz z przedsi\u0119biorstwem.<\/p>\n<p>Wykonujemy m.in.:<\/p>\n<ul>\n<li>Przygotowanie dokumentacji<\/li>\n<li>uzbrojenie serwerowni<\/li>\n<li>pomiary sieci (WiFi, \u015bwiat\u0142ow\u00f3d, mied\u017a)<\/li>\n<li>profesjonalny monta\u017c szaf teletechnicznych (RACK)<\/li>\n<li>serwis<\/li>\n<\/ul>\n","protected":false},"excerpt":{"rendered":"<p>&nbsp; Instalujemy okablowanie teleinformatyczne od analizy przez projekt do realizacji. Dobieramy optymalne rozwi\u0105zania, tak aby sie\u0107 mog\u0142a rosn\u0105\u0107 wraz z przedsi\u0119biorstwem. Wykonujemy m.in.: Przygotowanie dokumentacji uzbrojenie serwerowni pomiary sieci (WiFi, \u015bwiat\u0142ow\u00f3d, mied\u017a) profesjonalny monta\u017c szaf teletechnicznych (RACK) serwis<\/p>\n","protected":false},"author":1,"featured_media":0,"parent":0,"menu_order":0,"comment_status":"closed","ping_status":"closed","template":"","meta":[],"_links":{"self":[{"href":"https:\/\/www.arniko.pl\/index.php\/wp-json\/wp\/v2\/pages\/45"}],"collection":[{"href":"https:\/\/www.arniko.pl\/index.php\/wp-json\/wp\/v2\/pages"}],"about":[{"href":"https:\/\/www.arniko.pl\/index.php\/wp-json\/wp\/v2\/types\/page"}],"author":[{"embeddable":true,"href":"https:\/\/www.arniko.pl\/index.php\/wp-json\/wp\/v2\/users\/1"}],"replies":[{"embeddable":true,"href":"https:\/\/www.arniko.pl\/index.php\/wp-json\/wp\/v2\/comments?post=45"}],"version-history":[{"count":3,"href":"https:\/\/www.arniko.pl\/index.php\/wp-json\/wp\/v2\/pages\/45\/revisions"}],"predecessor-version":[{"id":48,"href":"https:\/\/www.arniko.pl\/index.php\/wp-json\/wp\/v2\/pages\/45\/revisions\/48"}],"wp:attachment":[{"href":"https:\/\/www.arniko.pl\/index.php\/wp-json\/wp\/v2\/media?parent=45"}],"curies":[{"name":"wp","href":"https:\/\/api.w.org\/{rel}","templated":true}]}}