{"id":50,"date":"2018-12-02T14:50:56","date_gmt":"2018-12-02T13:50:56","guid":{"rendered":"http:\/\/wp.arniko.pl\/?page_id=50"},"modified":"2019-01-20T16:44:44","modified_gmt":"2019-01-20T15:44:44","slug":"oprogramowanie-autorskie","status":"publish","type":"page","link":"https:\/\/www.arniko.pl\/index.php\/oprogramowanie-autorskie\/","title":{"rendered":"Oprogramowanie autorskie"},"content":{"rendered":"<p>Mamy &#8222;na koncie&#8221; kilka program\u00f3w dopasowanych do potrzeb klienta, od ma\u0142ych program\u00f3w bazodanowych, po rozwi\u0105zania BI obejmuj\u0105ce i integruj\u0105ce ca\u0142e przedsi\u0119biorstwo.<\/p>\n<p>\u00a0<\/p>\n\n\n<p><\/p>\n","protected":false},"excerpt":{"rendered":"<p>Mamy &#8222;na koncie&#8221; kilka program\u00f3w dopasowanych do potrzeb klienta, od ma\u0142ych program\u00f3w bazodanowych, po rozwi\u0105zania BI obejmuj\u0105ce i integruj\u0105ce ca\u0142e przedsi\u0119biorstwo. \u00a0<\/p>\n","protected":false},"author":1,"featured_media":0,"parent":0,"menu_order":0,"comment_status":"closed","ping_status":"closed","template":"","meta":[],"_links":{"self":[{"href":"https:\/\/www.arniko.pl\/index.php\/wp-json\/wp\/v2\/pages\/50"}],"collection":[{"href":"https:\/\/www.arniko.pl\/index.php\/wp-json\/wp\/v2\/pages"}],"about":[{"href":"https:\/\/www.arniko.pl\/index.php\/wp-json\/wp\/v2\/types\/page"}],"author":[{"embeddable":true,"href":"https:\/\/www.arniko.pl\/index.php\/wp-json\/wp\/v2\/users\/1"}],"replies":[{"embeddable":true,"href":"https:\/\/www.arniko.pl\/index.php\/wp-json\/wp\/v2\/comments?post=50"}],"version-history":[{"count":4,"href":"https:\/\/www.arniko.pl\/index.php\/wp-json\/wp\/v2\/pages\/50\/revisions"}],"predecessor-version":[{"id":1340,"href":"https:\/\/www.arniko.pl\/index.php\/wp-json\/wp\/v2\/pages\/50\/revisions\/1340"}],"wp:attachment":[{"href":"https:\/\/www.arniko.pl\/index.php\/wp-json\/wp\/v2\/media?parent=50"}],"curies":[{"name":"wp","href":"https:\/\/api.w.org\/{rel}","templated":true}]}}