{"id":53,"date":"2018-12-02T15:02:13","date_gmt":"2018-12-02T14:02:13","guid":{"rendered":"http:\/\/wp.arniko.pl\/?page_id=53"},"modified":"2018-12-02T15:02:13","modified_gmt":"2018-12-02T14:02:13","slug":"sprzet-komputerowy","status":"publish","type":"page","link":"https:\/\/www.arniko.pl\/index.php\/sprzet-komputerowy\/","title":{"rendered":"Sprz\u0119t komputerowy"},"content":{"rendered":"<article class=\"entry clearfix\">Zajmujemy si\u0119 serwisowaniem oraz dostarczaniem sprz\u0119tu komputerowego. W ofercie znajduj\u0105 si\u0119 zar\u00f3wno urz\u0105dzenia nowe jak i u\u017cywane. Na sprz\u0119t zawsze dajemy pisemn\u0105 gwarancj\u0119. W ofercie posiadamy sprz\u0119t takich marek jak Fujitsu, HP, Dell.<\/p>\n<p>Wsp\u00f3\u0142pracujemy z du\u017cymi dostawcami kt\u00f3rzy posiadaj\u0105 licencj\u0119 od producent\u00f3w na odnawianie sprz\u0119tu i oprogramowania, dzi\u0119ki czemu trafia do Pa\u0144stwa produkt legalny z niezb\u0119dnymi licencjami.<\/p>\n<\/article>\n","protected":false},"excerpt":{"rendered":"<p>Zajmujemy si\u0119 serwisowaniem oraz dostarczaniem sprz\u0119tu komputerowego. W ofercie znajduj\u0105 si\u0119 zar\u00f3wno urz\u0105dzenia nowe jak i u\u017cywane. Na sprz\u0119t zawsze dajemy pisemn\u0105 gwarancj\u0119. W ofercie posiadamy sprz\u0119t takich marek jak Fujitsu, HP, Dell. Wsp\u00f3\u0142pracujemy z du\u017cymi dostawcami kt\u00f3rzy posiadaj\u0105 licencj\u0119 od producent\u00f3w na odnawianie sprz\u0119tu i oprogramowania, dzi\u0119ki czemu trafia&#8230;<\/p>\n","protected":false},"author":1,"featured_media":0,"parent":0,"menu_order":0,"comment_status":"closed","ping_status":"closed","template":"","meta":[],"_links":{"self":[{"href":"https:\/\/www.arniko.pl\/index.php\/wp-json\/wp\/v2\/pages\/53"}],"collection":[{"href":"https:\/\/www.arniko.pl\/index.php\/wp-json\/wp\/v2\/pages"}],"about":[{"href":"https:\/\/www.arniko.pl\/index.php\/wp-json\/wp\/v2\/types\/page"}],"author":[{"embeddable":true,"href":"https:\/\/www.arniko.pl\/index.php\/wp-json\/wp\/v2\/users\/1"}],"replies":[{"embeddable":true,"href":"https:\/\/www.arniko.pl\/index.php\/wp-json\/wp\/v2\/comments?post=53"}],"version-history":[{"count":1,"href":"https:\/\/www.arniko.pl\/index.php\/wp-json\/wp\/v2\/pages\/53\/revisions"}],"predecessor-version":[{"id":54,"href":"https:\/\/www.arniko.pl\/index.php\/wp-json\/wp\/v2\/pages\/53\/revisions\/54"}],"wp:attachment":[{"href":"https:\/\/www.arniko.pl\/index.php\/wp-json\/wp\/v2\/media?parent=53"}],"curies":[{"name":"wp","href":"https:\/\/api.w.org\/{rel}","templated":true}]}}