{"id":56,"date":"2018-12-02T15:13:27","date_gmt":"2018-12-02T14:13:27","guid":{"rendered":"http:\/\/wp.arniko.pl\/?page_id=56"},"modified":"2019-01-13T21:29:41","modified_gmt":"2019-01-13T20:29:41","slug":"szafy-sterownicze","status":"publish","type":"page","link":"https:\/\/www.arniko.pl\/index.php\/szafy-sterownicze\/","title":{"rendered":"Szafy sterownicze"},"content":{"rendered":"<p><img loading=\"lazy\" class=\"size-medium wp-image-1274 alignright\" src=\"http:\/\/wp.arniko.pl\/wp-content\/uploads\/2018\/12\/IMG_20180910_095137-300x225.jpg\" alt=\"\" width=\"300\" height=\"225\" srcset=\"https:\/\/www.arniko.pl\/wp-content\/uploads\/2018\/12\/IMG_20180910_095137-300x225.jpg 300w, https:\/\/www.arniko.pl\/wp-content\/uploads\/2018\/12\/IMG_20180910_095137-768x576.jpg 768w, https:\/\/www.arniko.pl\/wp-content\/uploads\/2018\/12\/IMG_20180910_095137-1024x768.jpg 1024w, https:\/\/www.arniko.pl\/wp-content\/uploads\/2018\/12\/IMG_20180910_095137.jpg 1124w\" sizes=\"(max-width: 300px) 100vw, 300px\" \/>Wykonujemy szafy sterownicze, od prostych rozwi\u0105za\u0144 opartych na sterowaniu r\u0119cznym, po aplikacje oparte na sterownikach PLC.\u00a0 Dzi\u0119ki sta\u0142ej wsp\u00f3\u0142pracy z hurtowniami mo\u017cemy zaproponowa\u0107 niskie ceny aparat\u00f3w jednocze\u015bnie dostarczaj\u0105c produkt wysokiej jako\u015bci. W naszych szafach znajd\u0105 Pa\u0144stwo aparaty takich marek jak Eaton, Schneider Electric, Relpol, Apator.\u00a0 Mo\u017cemy pochwali\u0107 si\u0119 dziesi\u0105tkami realizacji u zadowolonych klient\u00f3w. B\u0119d\u0105c pewnymi naszych produkt\u00f3w zapewniamy d\u0142ugi serwis gwarancyjny.<\/p>\n\n\n<figure class=\"wp-block-image\"><img loading=\"lazy\" width=\"640\" height=\"480\" src=\"http:\/\/wp.arniko.pl\/wp-content\/uploads\/2019\/01\/szafy.png\" alt=\"\" class=\"wp-image-1319\" srcset=\"https:\/\/www.arniko.pl\/wp-content\/uploads\/2019\/01\/szafy.png 640w, https:\/\/www.arniko.pl\/wp-content\/uploads\/2019\/01\/szafy-300x225.png 300w\" sizes=\"(max-width: 640px) 100vw, 640px\" \/><figcaption>Szafy sterowniczo-zasilaj\u0105ce dla 50 urz\u0105dze\u0144<\/figcaption><\/figure>\n","protected":false},"excerpt":{"rendered":"<p>Wykonujemy szafy sterownicze, od prostych rozwi\u0105za\u0144 opartych na sterowaniu r\u0119cznym, po aplikacje oparte na sterownikach PLC.\u00a0 Dzi\u0119ki sta\u0142ej wsp\u00f3\u0142pracy z hurtowniami mo\u017cemy zaproponowa\u0107 niskie ceny aparat\u00f3w jednocze\u015bnie dostarczaj\u0105c produkt wysokiej jako\u015bci. W naszych szafach znajd\u0105 Pa\u0144stwo aparaty takich marek jak Eaton, Schneider Electric, Relpol, Apator.\u00a0 Mo\u017cemy pochwali\u0107 si\u0119 dziesi\u0105tkami realizacji&#8230;<\/p>\n","protected":false},"author":1,"featured_media":1274,"parent":0,"menu_order":0,"comment_status":"closed","ping_status":"closed","template":"","meta":[],"_links":{"self":[{"href":"https:\/\/www.arniko.pl\/index.php\/wp-json\/wp\/v2\/pages\/56"}],"collection":[{"href":"https:\/\/www.arniko.pl\/index.php\/wp-json\/wp\/v2\/pages"}],"about":[{"href":"https:\/\/www.arniko.pl\/index.php\/wp-json\/wp\/v2\/types\/page"}],"author":[{"embeddable":true,"href":"https:\/\/www.arniko.pl\/index.php\/wp-json\/wp\/v2\/users\/1"}],"replies":[{"embeddable":true,"href":"https:\/\/www.arniko.pl\/index.php\/wp-json\/wp\/v2\/comments?post=56"}],"version-history":[{"count":5,"href":"https:\/\/www.arniko.pl\/index.php\/wp-json\/wp\/v2\/pages\/56\/revisions"}],"predecessor-version":[{"id":1321,"href":"https:\/\/www.arniko.pl\/index.php\/wp-json\/wp\/v2\/pages\/56\/revisions\/1321"}],"wp:featuredmedia":[{"embeddable":true,"href":"https:\/\/www.arniko.pl\/index.php\/wp-json\/wp\/v2\/media\/1274"}],"wp:attachment":[{"href":"https:\/\/www.arniko.pl\/index.php\/wp-json\/wp\/v2\/media?parent=56"}],"curies":[{"name":"wp","href":"https:\/\/api.w.org\/{rel}","templated":true}]}}