{"id":67,"date":"2018-12-02T21:13:36","date_gmt":"2018-12-02T20:13:36","guid":{"rendered":"http:\/\/wp.arniko.pl\/?page_id=67"},"modified":"2019-01-13T21:34:56","modified_gmt":"2019-01-13T20:34:56","slug":"instalacje-elektryczne-i-automatyki","status":"publish","type":"page","link":"https:\/\/www.arniko.pl\/index.php\/instalacje-elektryczne-i-automatyki\/","title":{"rendered":"Instalacje elektryczne i automatyki"},"content":{"rendered":"<p>Wykonujemy instalacje elektryczne, dbaj\u0105c o bezpiecze\u0144stwo ich u\u017cytkowania jak i odbi\u00f3r wizualny. Trasy kablowe wykonujemy dobieraj\u0105c komponenty do wymaga\u0144 otoczenia, bazuj\u0105c na komponentach sprawdzonych firm.<\/p>\n\n\n<figure class=\"wp-block-image\"><img loading=\"lazy\" width=\"640\" height=\"426\" src=\"http:\/\/wp.arniko.pl\/wp-content\/uploads\/2019\/01\/trasa_baks.jpg\" alt=\"\" class=\"wp-image-1326\" srcset=\"https:\/\/www.arniko.pl\/wp-content\/uploads\/2019\/01\/trasa_baks.jpg 640w, https:\/\/www.arniko.pl\/wp-content\/uploads\/2019\/01\/trasa_baks-300x200.jpg 300w\" sizes=\"(max-width: 640px) 100vw, 640px\" \/><figcaption>Trasa zewn\u0119trzna, koryta perforowane ze stali ocynkowanej firmy Baks.<\/figcaption><\/figure>\n","protected":false},"excerpt":{"rendered":"<p>Wykonujemy instalacje elektryczne, dbaj\u0105c o bezpiecze\u0144stwo ich u\u017cytkowania jak i odbi\u00f3r wizualny. Trasy kablowe wykonujemy dobieraj\u0105c komponenty do wymaga\u0144 otoczenia, bazuj\u0105c na komponentach sprawdzonych firm.<\/p>\n","protected":false},"author":1,"featured_media":0,"parent":0,"menu_order":0,"comment_status":"closed","ping_status":"closed","template":"","meta":[],"_links":{"self":[{"href":"https:\/\/www.arniko.pl\/index.php\/wp-json\/wp\/v2\/pages\/67"}],"collection":[{"href":"https:\/\/www.arniko.pl\/index.php\/wp-json\/wp\/v2\/pages"}],"about":[{"href":"https:\/\/www.arniko.pl\/index.php\/wp-json\/wp\/v2\/types\/page"}],"author":[{"embeddable":true,"href":"https:\/\/www.arniko.pl\/index.php\/wp-json\/wp\/v2\/users\/1"}],"replies":[{"embeddable":true,"href":"https:\/\/www.arniko.pl\/index.php\/wp-json\/wp\/v2\/comments?post=67"}],"version-history":[{"count":3,"href":"https:\/\/www.arniko.pl\/index.php\/wp-json\/wp\/v2\/pages\/67\/revisions"}],"predecessor-version":[{"id":1344,"href":"https:\/\/www.arniko.pl\/index.php\/wp-json\/wp\/v2\/pages\/67\/revisions\/1344"}],"wp:attachment":[{"href":"https:\/\/www.arniko.pl\/index.php\/wp-json\/wp\/v2\/media?parent=67"}],"curies":[{"name":"wp","href":"https:\/\/api.w.org\/{rel}","templated":true}]}}